{"id":9978,"date":"2026-02-27T10:08:25","date_gmt":"2026-02-27T10:08:25","guid":{"rendered":"https:\/\/juuksuriteuhendus.ee\/kutseandmine\/?page_id=9978"},"modified":"2026-02-27T10:08:25","modified_gmt":"2026-02-27T10:08:25","slug":"kordamiskusimused","status":"publish","type":"page","link":"https:\/\/juuksuriteuhendus.ee\/kutseandmine\/kordamiskusimused\/","title":{"rendered":"KORDAMISK\u00dcSIMUSED"},"content":{"rendered":"\n<div class=\"wp-block-columns is-layout-flex wp-container-core-columns-is-layout-28f84493 wp-block-columns-is-layout-flex\">\n<div class=\"wp-block-column is-layout-flow wp-block-column-is-layout-flow\">\n<p>Abiks on:&nbsp;<a href=\"https:\/\/opik.juuksurikool.ee\/\" target=\"_blank\" rel=\"noreferrer noopener\">https:\/\/opik.juuksurikool.ee\/<\/a><\/p>\n\n\n\n<ul class=\"wp-block-list\">\n<li>Millised on naha kihid, kuidas neid t\u00e4pselt nimetatakse, milline on naha funktsioon?<\/li>\n\n\n\n<li>Mida kujutavad endast proteiinid ja kus nad asuvad? Milline on nende seos juustega? Mis on proteiinide nimetus eesti keeles?<\/li>\n\n\n\n<li>Millised keskkonnategurid ja muud tehtavad toimingud m\u00f5jutavad juuste seisukorda ja millised ei m\u00f5juta?<\/li>\n\n\n\n<li>Millised on juuksekarva kihid? Kirjelda olemust, \u00fclesannet jms.<\/li>\n\n\n\n<li>Kuidas toimub juuksekarva moodustumine?<\/li>\n\n\n\n<li>Millest koosneb juuksekarva struktuur?<\/li>\n\n\n\n<li>Milline on juuksesildade \u00fclesanne?<\/li>\n\n\n\n<li>Milline on juukse sidemete \u00fclesanne?<\/li>\n\n\n\n<li>Mida teevad molekulid juukse sees kui juus on m\u00e4rg ja mida siis, kui juus on kuiv?<\/li>\n\n\n\n<li>Kuidas nimetatakse naturaalse juuksev\u00e4rvi pigmente ja kus nad juukses asuvad?<\/li>\n\n\n\n<li>Mis on juukse tekstuur? Kas juuksed on \u00fchtlase tekstuuriga?<\/li>\n\n\n\n<li>Mis on juukse struktuur? Kas juuksed on \u00fchtlase struktuuriga?<\/li>\n\n\n\n<li>Mis on juuste poorsus?<\/li>\n\n\n\n<li>Mida kujutab endast juukse elastsus?<\/li>\n\n\n\n<li>Mis on ph? Kuidas see on seotud juuksurit\u00f6\u00f6ga? Millised kasutatavad tooted on happelised ja millised aluselised?<\/li>\n\n\n\n<li>Millised keemilised elemendid on juukses esindatud?\u00a0<\/li>\n\n\n\n<li>Millised on juuksekasvufaasid ja mis iga faasi ajal t\u00e4pselt toimub?<\/li>\n\n\n\n<li>Kuidas \u0161ampoon juustest mustuse eemaldab?<\/li>\n\n\n\n<li>Mis on palsami p\u00f5hi\u00fclesanne?<\/li>\n\n\n\n<li>Mida kujutavad endast hirsutism, alopeetsia, pedikuloos ning kas on veel juustega seotud haigusi?<\/li>\n\n\n\n<li>Milline roll p\u00fcsiloki tegemisel on kasutatavates ainetes sisalduvatel detergentidel, hooldusainetel, taandajatel\/redutseerijatel (mis on aine nimi), vesinikperoksiidil jne.<\/li>\n\n\n\n<li>Mida juukses muudetakse, kui tehakse p\u00fcsilokke?<\/li>\n\n\n\n<li>Milleks on p\u00fcsiloki tegemisel vaja kasutada kinnitajat?<\/li>\n\n\n\n<li>Millised tegurid m\u00f5jutavad p\u00fcsiloki tulemust?<\/li>\n\n\n\n<li>Kuidas p\u00fcsiloki tegemise protseduur l\u00f5petatakse?<\/li>\n<\/ul>\n<\/div>\n\n\n\n<div class=\"wp-block-column is-layout-flow wp-block-column-is-layout-flow\">\n<ul class=\"wp-block-list\">\n<li>Mis on?\n<ul class=\"wp-block-list\">\n<li>jaotusjoon<\/li>\n\n\n\n<li>L\u00f5ikusjoon\u00a0<\/li>\n\n\n\n<li>Juuksekasvu piir<\/li>\n\n\n\n<li>Juuksesalgu t\u00f5stenurk<\/li>\n\n\n\n<li>Juuksesalgu l\u00f5ikusnurk<\/li>\n\n\n\n<li>L\u00f5ikuse kujundlik joon ehk -vorm<\/li>\n\n\n\n<li>Kontrollsalk<\/li>\n\n\n\n<li>L\u00f5ikusskeem<\/li>\n<\/ul>\n<\/li>\n\n\n\n<li>Milline on kliendi pea asend juuksel\u00f5ikuse ajal<\/li>\n\n\n\n<li>Millest l\u00e4htuvalt jaotatakse inimese pea sektsioonideks?<\/li>\n\n\n\n<li>Millised on p\u00f5hi -, sekundaar \u2013 , ja tertsiaalv\u00e4rvid?<\/li>\n\n\n\n<li>Mida kujutab endast vastandv\u00e4rvide teooria?<\/li>\n\n\n\n<li>Millised pigmendid, kuidas neid nimetatakse, m\u00f5jutavad juuksev\u00e4rvi tulemust juukseid heledamaks ja ka tumedamaks v\u00e4rvides?<\/li>\n\n\n\n<li>Kuidas luua v\u00e4rviretsept, kui juus ei ole \u00fchtlase tooniga?<\/li>\n\n\n\n<li>Milliseid toone nimetatakse soojades ja milliseid k\u00fclmadeks, kus kohas nad v\u00e4rvikaardil asetsevad?<\/li>\n\n\n\n<li>Kuidas ja mille abil toimub kunstlike ja naturaalsete v\u00e4rvipigmentide liitmine juukses neid v\u00e4rvides?<\/li>\n\n\n\n<li>Mida tuleb anal\u00fc\u00fcsida enne juuste v\u00e4rvimist?<\/li>\n\n\n\n<li>Mida n\u00e4itab aktivaatori %\/vol ja kuidas see valitakse?<\/li>\n\n\n\n<li>Mille poolest erinevad juuste heledamaks ja tumedamaks v\u00e4rvimine ning millist toodet v\u00f5iks eelistatult kasutada?<\/li>\n\n\n\n<li>Mille poolest erinevad otsetoimivad ja oks\u00fcdeerivad v\u00e4rvipigmendid?<\/li>\n\n\n\n<li>Milline on aktivaatori ph?<\/li>\n\n\n\n<li>Milline toode tuleb valida juuste helestamiseks (erinevad astmed), hallide katmiseks ja juuste tumedamaks v\u00e4rvimiseks?<\/li>\n\n\n\n<li>Kuidas lugeda v\u00e4rvikoodi: mida n\u00e4itab esimene number\/t\u00e4ht jne<\/li>\n\n\n\n<li>Kuidas tuleb soengurulle keerata, kui soovitakse saada kohevus v\u00f5i seda maha v\u00f5tta?<\/li>\n\n\n\n<li>Milline \u00fclesanne on kuumusel ja veel soenguid tehes?<\/li>\n\n\n\n<li>Kuidas toimub juuste korrektne tupeerimine?<\/li>\n\n\n\n<li>Mille j\u00e4rgi valitakse soengurulle (rullharja suurust)?<\/li>\n\n\n\n<li>Mis on p\u00f5hitegevused f\u00f6\u00f6nisoengu tegemisel?<\/li>\n<\/ul>\n<\/div>\n<\/div>\n","protected":false},"excerpt":{"rendered":"<p>Abiks on:&nbsp;https:\/\/opik.juuksurikool.ee\/<\/p>\n","protected":false},"author":1,"featured_media":0,"parent":0,"menu_order":0,"comment_status":"closed","ping_status":"closed","template":"page-with-title","meta":{"_monsterinsights_skip_tracking":false,"_monsterinsights_sitenote_active":false,"_monsterinsights_sitenote_note":"","_monsterinsights_sitenote_category":0,"footnotes":""},"class_list":["post-9978","page","type-page","status-publish","hentry"],"aioseo_notices":[],"_links":{"self":[{"href":"https:\/\/juuksuriteuhendus.ee\/kutseandmine\/wp-json\/wp\/v2\/pages\/9978","targetHints":{"allow":["GET"]}}],"collection":[{"href":"https:\/\/juuksuriteuhendus.ee\/kutseandmine\/wp-json\/wp\/v2\/pages"}],"about":[{"href":"https:\/\/juuksuriteuhendus.ee\/kutseandmine\/wp-json\/wp\/v2\/types\/page"}],"author":[{"embeddable":true,"href":"https:\/\/juuksuriteuhendus.ee\/kutseandmine\/wp-json\/wp\/v2\/users\/1"}],"replies":[{"embeddable":true,"href":"https:\/\/juuksuriteuhendus.ee\/kutseandmine\/wp-json\/wp\/v2\/comments?post=9978"}],"version-history":[{"count":1,"href":"https:\/\/juuksuriteuhendus.ee\/kutseandmine\/wp-json\/wp\/v2\/pages\/9978\/revisions"}],"predecessor-version":[{"id":9979,"href":"https:\/\/juuksuriteuhendus.ee\/kutseandmine\/wp-json\/wp\/v2\/pages\/9978\/revisions\/9979"}],"wp:attachment":[{"href":"https:\/\/juuksuriteuhendus.ee\/kutseandmine\/wp-json\/wp\/v2\/media?parent=9978"}],"curies":[{"name":"wp","href":"https:\/\/api.w.org\/{rel}","templated":true}]}}