{"id":9957,"date":"2026-02-27T10:54:50","date_gmt":"2026-02-27T10:54:50","guid":{"rendered":"https:\/\/juuksuriteuhendus.ee\/kutseandmine\/?page_id=9957"},"modified":"2026-04-01T10:54:13","modified_gmt":"2026-04-01T10:54:13","slug":"juuksur-tase-4-2","status":"publish","type":"page","link":"https:\/\/juuksuriteuhendus.ee\/kutseandmine\/juuksur-tase-4-2\/","title":{"rendered":"Juuksur, tase 4"},"content":{"rendered":"\n<div class=\"wp-block-columns is-layout-flex wp-container-core-columns-is-layout-28f84493 wp-block-columns-is-layout-flex\">\n<div class=\"wp-block-column is-layout-flow wp-block-column-is-layout-flow\">\n<h6 class=\"wp-block-heading\">koolil\u00f5petaja kutseeksam<\/h6>\n\n\n\n<p style=\"border-style:none;border-width:0px\"><a href=\"https:\/\/juuksuriteuhendus.ee\/kutseandmine\/juuksur-tase-4-2\/#:~:text=EKSAMI%20SOORITAMINE%20%E2%80%93%20KLIKI%20SOBIVAL%20KASTIL%3A\" title=\"\">Koolil\u00f5petajad sooritavad praktilise eksami. Eksamile on oodatud ka erakoolide ja era\u00f5ppe l\u00f5petajad. Loe t\u00e4psemalt SIIT<\/a><\/p>\n<\/div>\n\n\n\n<div class=\"wp-block-column is-layout-flow wp-block-column-is-layout-flow\">\n<h6 class=\"wp-block-heading\">kutsetunnistuse pikendamine<\/h6>\n\n\n\n<p style=\"border-style:none;border-width:0px\"><a href=\"https:\/\/juuksuriteuhendus.ee\/kutseandmine\/juuksur-tase-4-2\/#:~:text=KUTSETUNNISTUSE%20PIKENDAMINE%20EHK%20TAAST%C3%95ENDAMINE\" title=\"\">Kutsetunnistuse kehtivuse aeg on 10aastat. Loe t\u00e4psemalt SIIT<\/a><\/p>\n<\/div>\n\n\n\n<div class=\"wp-block-column is-layout-flow wp-block-column-is-layout-flow\">\n<h6 class=\"wp-block-heading\">t\u00f6\u00f6tava juuksuri kutstunnistuse taotlemine<\/h6>\n\n\n\n<p style=\"border-style:none;border-width:0px\"><a href=\"https:\/\/juuksuriteuhendus.ee\/kutseandmine\/juuksur-tase-4-2\/#:~:text=V%C3%95TA%20(Varasemate%20%C3%B5pingute%20ja%20t%C3%B6%C3%B6kogemuse%20arvestamine%20kutse%20taotlemisel\" title=\"\">Kutsetunnistust saab taotleda ka t\u00f6\u00f6tav juuksur arvestades t\u00f6\u00f6kogemust. Loe t\u00e4psemalt SIIT<\/a><\/p>\n<\/div>\n<\/div>\n\n\n\n<div class=\"wp-block-buttons is-layout-flex wp-block-buttons-is-layout-flex\">\n<div class=\"wp-block-button\"><a class=\"wp-block-button__link wp-element-button\" href=\"https:\/\/www.kutseregister.ee\/ctrl\/et\/Standardid\/vaata\/11462295\">Kutsestandard juuksur, tase 4<\/a><\/div>\n\n\n\n<div class=\"wp-block-button\"><a class=\"wp-block-button__link wp-element-button\" href=\"https:\/\/www.kutseregister.ee\/ctrl\/et\/KAO\/vaata\/10670455\" target=\"_blank\" rel=\"noreferrer noopener\">Juuksuri kutsete andmise kord<\/a><\/div>\n<\/div>\n\n\n\n<p class=\"has-small-font-size\"><em>Juuksurite \u00dchendus on kutse andja alates 11.2017. Varasemalt v\u00e4lja antud tunnistuse kehtivuse aja kohta oskab infot anda varasem kutseandaja, kelle nimi on \u00e4ra toodud kutsetunnistusel.<br>Teate kutsetunnistuse aegumise kohta edastab Kutsekoda l\u00e4bi eesti.ee portaali.<\/em><\/p>\n\n\n\n<figure style=\"font-size:0.8rem\" class=\"wp-block-table\"><table class=\"has-fixed-layout\"><tbody><tr><td><strong><a href=\"https:\/\/www.kutseregister.ee\/ctrl\/et\/KAO\/vaata\/10670455\">Juuksuri kutsete kutsekomisjon<\/a><\/strong><\/td><td><\/td><td><\/td><\/tr><tr><td>1.1 Kertti Viru<\/td><td>Kutseliste Juuksurite Vabariiklik \u00dchendus MT\u00dc<\/td><td>kutsekomisjoni esimees<\/td><\/tr><tr><td>1.2 Kaja Seppel<\/td><td>Kaja Seppel koolitused HAIR &amp; EDUCATION O\u00dc<\/td><td>kutsekomisjoni aseesimees<\/td><\/tr><tr><td>1.3 Helena L\u00f5hmus<\/td><td>Salonplus Baltic O\u00dc<\/td><td>kutsekomisjoni liige<\/td><\/tr><tr><td>1.4 Anneli Paat<\/td><td>ID color<\/td><td>kutsekomisjoni liige<\/td><\/tr><tr><td>1.5 Kersti Suve<\/td><td>Revaalia Salong O\u00dc<\/td><td>kutsekomisjoni liige<\/td><\/tr><tr><td>1.6 Liina Heck<\/td><td>Lofty O\u00dc<\/td><td>kutsekomisjoni liige<\/td><\/tr><\/tbody><\/table><\/figure>\n\n\n\n<figure style=\"font-size:0.7rem\" class=\"wp-block-table\"><table class=\"has-fixed-layout\"><thead><tr><th>EKSAM<\/th><th><\/th><th><\/th><\/tr><\/thead><tbody><tr><td><strong>1. \u00dcldine hindamine ja l\u00e4vend<\/strong><br><strong>Tulemus:<\/strong> Hindamine on mitteeristav (arvestatud\/mittearvestatud).<br><strong>L\u00e4vend:<\/strong> Positiivseks soorituseks on vaja v\u00e4hemalt <strong>70 punkti<\/strong> (max 100).<br><strong>Eesm\u00e4rk:<\/strong> T\u00f5endada, et oled valmis koheseks iseseisvaks t\u00f6\u00f6ks salongis.<br><strong>Eba\u00f5nnestumine:<\/strong> Kui saad 69 punkti v\u00f5i v\u00e4hem, kutset ei anta. J\u00e4releksam on tasuline.<\/td><td><strong>2. Reeglid eksamip\u00e4eval<\/strong><br><strong>Riietus:<\/strong> Kohustuslik on korrektne <strong>must riietus<\/strong> (lubatud valged detailid) ja puhtad vahetusjalatsid.<br><strong>Keelatud:<\/strong> Telefonid, k\u00f5rvaklapid ja muu asjassepuutumatu vara. Ruumist lahkumine (sh suitsetamine) ilma loata on keelatud.<br><strong>T\u00f6\u00f6vahendid:<\/strong> V\u00f5ta kaasa k\u00f5ik isiklikud t\u00f6\u00f6riistad ning kirjutusvahendid (pliiats, kustukumm). T\u00f6\u00f6lehed saad kohapeal.<\/td><td><strong>3. N\u00f5uded klientidele (modellidele)<\/strong><br>Vaja on <strong>kahte klienti<\/strong>: \u00fcks naist\u00f6\u00f6ks ja teine meest\u00f6\u00f6ks.<br>Kliendid loositakse eksamineeritavate vahel.<br><strong>T\u00e4htis:<\/strong> Kui klient ei ilmu kohale v\u00f5i tema juuksed ei vasta n\u00f5uetele, on komisjonil \u00f5igus ta eemaldada v\u00f5i suunata tagasi kutsuja juurde.<\/td><\/tr><tr><td><strong>4. Praktilised t\u00f6\u00f6d ja tehnikad<\/strong><br><strong>Naist\u00f6\u00f6 (L\u00f5ikus, v\u00e4rv ja viimistlus)<\/strong><br><strong>L\u00f5ikus:<\/strong> Juuksed peavad l\u00fchenema v\u00e4hemalt <strong>2 cm<\/strong>. Muutus peab olema selgelt n\u00e4htav.<br><strong>V\u00e4rvimine:<\/strong> Muutus peab olema v\u00e4hemalt <strong>\u00fcks aste<\/strong> (mitte pelgalt l\u00e4ikev\u00e4rskendus). Kogu pea peab olema v\u00e4rviga kaetud.<br><em>NB! Ainult \u00fche v\u00e4rviseguga \u00fchtlane v\u00e4rvimine ei vasta n\u00f5uetele \u2013 peab kasutama keerukamat tehnikat (nt juurev\u00e4rv + salkude toonimine).<\/em><br><strong>Viimistlus:<\/strong> Kasutada tohib ainult professionaalseid vahendeid. F\u00f6\u00f6nisoengus ei tohi p\u00f5hja t\u00f5sta krepptangidega (n\u00e4itab oskamatust f\u00f6\u00f6niga t\u00f6\u00f6tada).<br><strong>Meest\u00f6\u00f6<\/strong><br><strong>Anal\u00fc\u00fcs:<\/strong> Tuleb l\u00e4bi viia kliendikonsultatsioon ja t\u00e4ita l\u00f5ikusskeem (masinat\u00f6\u00f6 puhul m\u00e4rkida pikkused millimeetrites).<br><strong>Keelatud:<\/strong> \u00dclepea masinal\u00f5ikus (kiilakas v\u00f5i \u00fchepikkune) ei ole lubatud.<br><strong>Kontroll:<\/strong> Enne l\u00f5plikku viimistlust (vaha\/lakk) peab komisjon t\u00f6\u00f6 \u00fcle vaatama.<\/td><td><strong>5. Portfoolio (1. etapp)<\/strong><br>Enne praktilist eksamit peab olema esitatud veebiportfoolio, mis t\u00f5endab:<br>Habeme ja vuntside kujundamist.<br>P\u00fcsiloki tegemist.<br>Soengute kujundamist.<\/td><td><strong>6. Tagasiside ja tulemused<\/strong><br><strong>\u00dcldtagasiside:<\/strong> Antakse eksamip\u00e4eva l\u00f5pus suuliselt k\u00f5igile korraga.<br><strong>L\u00f5plik otsus:<\/strong> Kinnitatakse kutsekomisjoni poolt <strong>14 p\u00e4eva jooksul<\/strong>.<br><strong>Vaidlustamine:<\/strong> Tulemust saab vaidlustada 30 p\u00e4eva jooksul.<\/td><\/tr><\/tbody><\/table><\/figure>\n\n\n\n<p style=\"font-size:0.7rem\">Kutsekooli ja erakooli l\u00f5petajate eksamitingimused on erinevad soeses kutsekooli \u00f5petajate n\u00f5udmisega<\/p>\n\n\n\n<p>INFOTUND <strong>21.02.2025<\/strong> <a href=\"https:\/\/drive.google.com\/file\/d\/1LQQahOqij-pLAkD90YOSbJWe1EBYtA2l\/view?usp=sharing\">Kliki siin<\/a><\/p>\n\n\n\n<h5 class=\"wp-block-heading\">Eksami sooritamine &#8211; kliki sobival kastil:<\/h5>\n\n\n\n<div class=\"wp-block-buttons is-layout-flex wp-block-buttons-is-layout-flex\">\n<div class=\"wp-block-button\"><a class=\"wp-block-button__link wp-element-button\" href=\"https:\/\/juuksuriteuhendus.ee\/kutseandmine\/kutseeksami-tingimused-kutsekooli-lopetajale\/\"> Kutsekoolil\u00f5petaja eksam<\/a><\/div>\n\n\n\n<div class=\"wp-block-button\"><a class=\"wp-block-button__link wp-element-button\" href=\"https:\/\/juuksuriteuhendus.ee\/kutseandmine\/erakooli-lopetaja-kutseeksam\/\">Erakooli l\u00f5petaja eksam 242.-<\/a><\/div>\n<\/div>\n\n\n\n<h4 class=\"wp-block-heading\">KUTSETUNNISTUSE PIKENDAMINE EHK TAAST\u00d5ENDAMINE<\/h4>\n\n\n\n<p>Kutse taast\u00f5endamine on pm eksam, kuid selle eesm\u00e4rgiks pole hinnata praktilisi oskusi vaid tegutsemist juuksurina. Dokumente hindavad m\u00e4\u00e4ratud hindajad.<\/p>\n\n\n\n<p style=\"font-size:13px\"><em>Juuksurite \u00dchendus on kutse andja alates 11.2017. Varasemalt v\u00e4lja antud tunnistuse kehtivuse aja kohta oskab infot anda varasem kutseandaja, kelle nimi on \u00e4ra toodud kutsetunnistusel.<br>Teate kutsetunnistuse aegumise kohta edastab Kutsekoda l\u00e4bi eesti.ee portaali.<\/em><\/p>\n\n\n\n<p>Samm 1<\/p>\n\n\n\n<h5 class=\"wp-block-heading\">V\u00e4lja antud kutsetunnistust saab taast\u00f5endada:<\/h5>\n\n\n\n<p>kui selle aegumisest ei ole m\u00f6\u00f6das rohkem kui 1 aasta ning t\u00f6\u00f6tatakse juuksurina (pidev staa\u017e 5 aastat) Juhendi leiad sellelt lehelt<br>NB! juuksur1= juuksur, tase 4<\/p>\n\n\n\n<p>Samm 2<\/p>\n\n\n\n<h5 class=\"wp-block-heading\">Tee taotlus&nbsp;<\/h5>\n\n\n\n<p>ja lisa vajalikud dokumendid. Juhendi leiad sellelt lehelt. Taotluse saad t\u00e4ita&nbsp;<a href=\"https:\/\/docs.google.com\/forms\/d\/e\/1FAIpQLSe6Vl1lPTgBvaHhK9XDfYJsqzf6MkVRljG-fTNHNvgm6FTCPA\/viewform\" target=\"_blank\" rel=\"noreferrer noopener\">SIIN<\/a><\/p>\n\n\n\n<p>Samm 3<\/p>\n\n\n\n<h5 class=\"wp-block-heading\">Oota kinnitust.&nbsp;<\/h5>\n\n\n\n<p>Dokumentide vastu v\u00f5tmise kohta tuleb eraldi kinnitusmeil, nende l\u00e4bi vaatamiseks kulub paar n\u00e4dalat.<\/p>\n\n\n\n<hr class=\"wp-block-separator has-alpha-channel-opacity\"\/>\n\n\n\n<h5 class=\"wp-block-heading\">Kutse juuksur, tase 4, taast\u00f5endamise<br>eeltingimused:<\/h5>\n\n\n\n<ol class=\"wp-block-list\">\n<li>pidev t\u00f6\u00f6kogemus juuksurina v\u00e4hemalt 5 aastat;<\/li>\n\n\n\n<li>osalemine erialastel t\u00e4ienduskoolitustel.<\/li>\n<\/ol>\n\n\n\n<h5 class=\"wp-block-heading\">Kutsete juuksur, taast\u00f5endamiseks<br>esitatavad dokumendid:<\/h5>\n\n\n\n<ol class=\"wp-block-list\">\n<li><a href=\"https:\/\/docs.google.com\/forms\/d\/e\/1FAIpQLSe6Vl1lPTgBvaHhK9XDfYJsqzf6MkVRljG-fTNHNvgm6FTCPA\/viewform\">vormikohane taotlus<\/a>;<\/li>\n\n\n\n<li>eelneva kutsetunnistuse number (selle saab lisada taotluses ning infot v\u00e4lja antud tunnistuste kohta leiab siit&nbsp;<a href=\"https:\/\/www.kutseregister.ee\/kutsed\">https:\/\/www.kutseregister.ee\/kutsed<\/a>;<\/li>\n\n\n\n<li>erialas(t)e koolitus(t)e l\u00e4bimist t\u00f5endava(te) dokumendi (dokumentide) koopia(d) ehk t\u00f5estus selle kohta, et olete tegevjuuksur;&nbsp;<em>on vaja t\u00f5estada t\u00f6\u00f6tamine juuksurina ning arendustegevus. Kui eelnimetatud dokumente pole v\u00f5imalik esitada sobivad ka muud dokumendid\/kinnitused, mis tegevust t\u00f5endavad<\/em>.&nbsp;<em>Aktiivse juuksurina tegutsemise alla ei kuulu kodus mitteametlikult teenuse pakkumine.<\/em><\/li>\n\n\n\n<li>t\u00f6\u00f6alase tegevuse kirjeldus ehk cv, mis v\u00f5ib olla koostatud vabas vormis;<\/li>\n\n\n\n<li>t\u00f6\u00f6andja soovitus\/iseloomustus, vabas vormis kinnitus salongis t\u00f6\u00f6tamise kohta.&nbsp;<strong>Kui olete ise t\u00f6\u00f6andja<\/strong>, siis piisab kui \u00e4ra m\u00e4rkida t\u00f6\u00f6andjaks hakkamise aeg ja salongi nimi ning aadress;&nbsp;<em>Kui see on punkti 3 dokument, siis ei ole vaja seda teist korda esitada.<\/em><\/li>\n\n\n\n<li>maksekorraldus v\u00f5i muu kinnitus&nbsp;<a href=\"https:\/\/www.kutseregister.ee\/ctrl\/et\/KAO\/vaata\/10670455#komp_tasud\" target=\"_blank\" rel=\"noreferrer noopener\">kutse andmisega seotud kulude<\/a>&nbsp;tasumise kohta. Makse summas 130 eur tuleb teha Juuksurite \u00dchenduse kontole EE817700771004721054 m\u00e4rkides selgitusse \u201ckutse taast\u00f5endamine ja nimi).&nbsp;<em>Arve esitatakse peale makse laekumist. Enne makse laekumist dokumente menetlema ei hakata.<\/em><\/li>\n<\/ol>\n\n\n\n<p>Dokumendid (3,4,5,6) tuleb saata aadressile&nbsp;<strong>info@juuksuriteuhendus.ee<\/strong>&nbsp;Dokument 1 ehk taotlus koos tunnistuse numbriga j\u00f5uab meieni peale vormi t\u00e4itmist. Dokumendid v\u00f5ivad olla pildifailid.<\/p>\n\n\n\n<p>Taotlust hakatakse menetlema, kui k\u00f5ik dokumendid on laekunud<\/p>\n\n\n\n<hr class=\"wp-block-separator has-alpha-channel-opacity\"\/>\n\n\n\n<h4 class=\"wp-block-heading\"><strong>V\u00d5TA<\/strong> (Varasemate \u00f5pingute ja t\u00f6\u00f6kogemuse arvestamine kutse taotlemisel<\/h4>\n\n\n\n<p>V\u00d5TA eesm\u00e4rk on v\u00f5imaldada sul taotleda kutset (Juuksur, tase 4 v\u00f5i Barber, tase 4) ilma tavap\u00e4rast kooliteed l\u00e4bimata, kui sul on juba olemas vajalikud oskused ja t\u00f6\u00f6kogemus.<\/p>\n\n\n\n<h5 class=\"wp-block-heading\"><strong>1. P\u00f5hitingimused<\/strong><\/h5>\n\n\n\n<ul class=\"wp-block-list\">\n<li><strong>Milleks saab V\u00d5TA-t kasutada:<\/strong> Kutsete <strong>Juuksur, tase 4<\/strong> ja <strong>Barber, tase 4<\/strong> taotlemiseks.<\/li>\n\n\n\n<li><strong>Milleks EI SAA kasutada:<\/strong> Meisterjuuksuri (tase 5) kutse taotlemiseks.<\/li>\n\n\n\n<li><strong>T\u00f6\u00f6kogemus:<\/strong> Arvestatakse v\u00e4hemalt <strong>5-aastast pidevat erialast t\u00f6\u00f6staa\u017ei<\/strong>, mis on t\u00f5endatud dokumentidega.<\/li>\n<\/ul>\n\n\n\n<h5 class=\"wp-block-heading\"><strong>2. Kuidas protsess k\u00e4ib (3 sammu)<\/strong><\/h5>\n\n\n\n<ul class=\"wp-block-list\">\n<li><strong>1. samm: Taotlus<\/strong>\n<ul class=\"wp-block-list\">\n<li><a href=\"https:\/\/docs.google.com\/forms\/d\/142K78f01vTnfb4PEN3LlFhAbfg2NyTsAH0l99TqL2_U\/preview\" target=\"_blank\" rel=\"noopener\" title=\"\">T\u00e4ida V\u00d5TA taotlusvorm <\/a><\/li>\n<\/ul>\n<\/li>\n\n\n\n<li><strong>2. samm: Dokumentide lisamine<\/strong>\n<ul class=\"wp-block-list\">\n<li>Esita k\u00f5ik dokumendid digitaalselt allkirjastatud konteineris meilile <code>info@juuksuriteuhendus.ee<\/code>.<\/li>\n<\/ul>\n<\/li>\n\n\n\n<li><strong>3. samm: Menetlemine<\/strong>\n<ul class=\"wp-block-list\">\n<li>Komisjon vaatab taotluse l\u00e4bi 10 t\u00f6\u00f6p\u00e4eva jooksul peale t\u00e4htaega.<\/li>\n\n\n\n<li>Vastuse saad 14 kalendrip\u00e4eva jooksul.<\/li>\n<\/ul>\n<\/li>\n<\/ul>\n\n\n\n<h5 class=\"wp-block-heading\"><strong>3. Vajalikud dokumendid<\/strong><\/h5>\n\n\n\n<p>T\u00f5endamaks oma oskusi, pead esitama:<\/p>\n\n\n\n<ol start=\"1\" class=\"wp-block-list\">\n<li><strong>T\u00f6\u00f6alane tegevus:<\/strong> T\u00f6\u00f6leping (allkirjade leht), rendileping v\u00f5i kinnitus maaletooja poolt (tarneaadress ei tohi olla kodu).<\/li>\n\n\n\n<li><strong>Koolitused:<\/strong> Viimase 5 aasta t\u00e4iend\u00f5ppe tunnistused (peab olema kirjas maht ja \u00f5piv\u00e4ljundid).<\/li>\n\n\n\n<li><strong>CV:<\/strong> Kirjeldus oma t\u00f6\u00f6alasest tegevusest.<\/li>\n\n\n\n<li><strong>Maksekorraldus:<\/strong> Kinnitus V\u00d5TA menetlustasu maksmise kohta.<\/li>\n<\/ol>\n\n\n\n<h5 class=\"wp-block-heading\"><strong>4. Maksumus<\/strong><\/h5>\n\n\n\n<p>V\u00d5TA menetlemine on tasuline ja see tuleb tasuda enne dokumentide l\u00e4bivaatamist:<\/p>\n\n\n\n<ul class=\"wp-block-list\">\n<li><strong>Juuksur, tase 4:<\/strong> 170 \u20ac<\/li>\n\n\n\n<li><strong>Barber, tase 4:<\/strong> 135 \u20ac<\/li>\n<\/ul>\n\n\n\n<h5 class=\"wp-block-heading\"><strong>5. Hindamine ja tagasiside<\/strong><\/h5>\n\n\n\n<ul class=\"wp-block-list\">\n<li>Hindamiskomisjon v\u00f5rdleb sinu kogemust ja \u00f5pinguid kutsestandardi n\u00f5uetega.<\/li>\n\n\n\n<li>Kui dokumentidest ei piisa, v\u00f5ib komisjon k\u00fcsida lisamaterjale.<\/li>\n\n\n\n<li>Saad p\u00f5hjendatud vastuse (nii positiivse kui negatiivse otsuse korral).<\/li>\n\n\n\n<li><strong>Erand:<\/strong> Kooli\u00f5pilased, kes on saavutanud riiklikel v\u00f5i rahvusvahelistel v\u00f5istlustel esikolmiku koha, saavad praktilise eksami arvestada lihtsustatud korras.<\/li>\n<\/ul>\n\n\n\n<h5 class=\"wp-block-heading\"><strong>6. Olulised kontaktid ja abi<\/strong><\/h5>\n\n\n\n<ul class=\"wp-block-list\">\n<li>Sul on \u00f5igus saada <strong>n\u00f5ustamist<\/strong> enne taotluse esitamist. K\u00fcsimuste korral p\u00f6\u00f6rdu kutsekomisjoni esindaja v\u00f5i n\u00f5ustaja poole.<\/li>\n\n\n\n<li>Otsust on v\u00f5imalik vaidlustada 30 p\u00e4eva jooksul.<\/li>\n<\/ul>\n\n\n\n<p><strong>Kokkuv\u00f5tteks:<\/strong> V\u00d5TA on m\u00f5eldud kogenud meistritele, kes on t\u00f6\u00f6tanud v\u00e4hemalt 5 aastat ja soovivad oma praktilised oskused ametlikuks kutsetunnistuseks vormistada.<\/p>\n","protected":false},"excerpt":{"rendered":"<p>koolil\u00f5petaja kutseeksam Koolil\u00f5petajad sooritavad praktilise eksami. Eksamile on oodatud ka erakoolide ja era\u00f5ppe l\u00f5petajad. Loe t\u00e4psemalt SIIT kutsetunnistuse pikendamine Kutsetunnistuse kehtivuse aeg on 10aastat. Loe t\u00e4psemalt SIIT t\u00f6\u00f6tava juuksuri kutstunnistuse taotlemine Kutsetunnistust saab taotleda ka t\u00f6\u00f6tav juuksur arvestades t\u00f6\u00f6kogemust. Loe t\u00e4psemalt SIIT Juuksurite \u00dchendus on kutse andja alates 11.2017. Varasemalt v\u00e4lja antud tunnistuse kehtivuse aja [&hellip;]<\/p>\n","protected":false},"author":1,"featured_media":0,"parent":0,"menu_order":0,"comment_status":"closed","ping_status":"closed","template":"page-with-title","meta":{"_monsterinsights_skip_tracking":false,"_monsterinsights_sitenote_active":false,"_monsterinsights_sitenote_note":"","_monsterinsights_sitenote_category":0,"footnotes":""},"class_list":["post-9957","page","type-page","status-publish","hentry"],"aioseo_notices":[],"_links":{"self":[{"href":"https:\/\/juuksuriteuhendus.ee\/kutseandmine\/wp-json\/wp\/v2\/pages\/9957","targetHints":{"allow":["GET"]}}],"collection":[{"href":"https:\/\/juuksuriteuhendus.ee\/kutseandmine\/wp-json\/wp\/v2\/pages"}],"about":[{"href":"https:\/\/juuksuriteuhendus.ee\/kutseandmine\/wp-json\/wp\/v2\/types\/page"}],"author":[{"embeddable":true,"href":"https:\/\/juuksuriteuhendus.ee\/kutseandmine\/wp-json\/wp\/v2\/users\/1"}],"replies":[{"embeddable":true,"href":"https:\/\/juuksuriteuhendus.ee\/kutseandmine\/wp-json\/wp\/v2\/comments?post=9957"}],"version-history":[{"count":7,"href":"https:\/\/juuksuriteuhendus.ee\/kutseandmine\/wp-json\/wp\/v2\/pages\/9957\/revisions"}],"predecessor-version":[{"id":10034,"href":"https:\/\/juuksuriteuhendus.ee\/kutseandmine\/wp-json\/wp\/v2\/pages\/9957\/revisions\/10034"}],"wp:attachment":[{"href":"https:\/\/juuksuriteuhendus.ee\/kutseandmine\/wp-json\/wp\/v2\/media?parent=9957"}],"curies":[{"name":"wp","href":"https:\/\/api.w.org\/{rel}","templated":true}]}}